{"id":752,"date":"2022-09-30T13:26:09","date_gmt":"2022-09-30T11:26:09","guid":{"rendered":"https:\/\/sonnetouristik.com\/pongase-en-contacto-con\/"},"modified":"2025-02-10T16:23:29","modified_gmt":"2025-02-10T14:23:29","slug":"pongase-en-contacto-con","status":"publish","type":"page","link":"https:\/\/sonnetouristik.com\/es\/contacto\/","title":{"rendered":"Contacto"},"content":{"rendered":"<section class=\"l-section wpb_row height_huge with_img\"><div class=\"l-section-img\" role=\"img\" data-img-width=\"1920\" data-img-height=\"850\" style=\"background-image: url(https:\/\/sonnetouristik.com\/wp-content\/uploads\/2025\/01\/contact-dmc-spain.jpg);background-repeat: no-repeat;\"><\/div><div class=\"l-section-overlay\" style=\"background:rgba(0,0,0,0.40)\"><\/div><div class=\"l-section-h i-cf\"><div class=\"g-cols vc_row via_flex valign_top type_default stacking_default\"><div class=\"vc_col-sm-12 wpb_column vc_column_container\"><div class=\"vc_column-inner\"><div class=\"wpb_wrapper\">[vc_custom_heading text=\u00bbPlanifiquemos su pr\u00f3ximo viaje\u00bb font_container=\u00bbtag:h1|text_align:center\u00bb use_theme_fonts=\u00bbyes\u00bb]<div class=\"w-separator separator-line size_custom with_line width_30 thick_1 style_solid color_border align_center\" style=\"height:\"><div class=\"w-separator-h\"><\/div><\/div>[vc_custom_heading text=\u00bbP\u00f3ngase en contacto con Sonne Touristik para obtener soluciones de viaje a medida en Espa\u00f1a y Portugal.\u00bb font_container=\u00bbtag:h2|text_align:center\u00bb use_theme_fonts=\u00bbyes\u00bb css=\u00bb%7B%22default%22%3A%7B%22color%22%3A%22%23ffffff%22%2C%22font-size%22%3A%221.5rem%22%2C%22font-family%22%3A%22Century%20Gothic%22%2C%22font-weight%22%3A%22300%22%2C%22text-transform%22%3A%22none%22%2C%22margin-bottom%22%3A%222rem%22%7D%7D\u00bb]<div class=\"w-btn-wrapper align_center\"><a class=\"w-btn us-btn-style_2\" href=\"#contact\"><span class=\"w-btn-label\">Comienza tu viaje<\/span><\/a><\/div><\/div><\/div><\/div><\/div><\/div><\/section><section class=\"l-section wpb_row us_custom_3456fdea section-contact height_auto\" id=\"contact\"><div class=\"l-section-h i-cf\"><div class=\"g-cols vc_row via_flex valign_top type_default stacking_default\"><div class=\"vc_col-sm-12 wpb_column vc_column_container\"><div class=\"vc_column-inner\"><div class=\"wpb_wrapper\"><div class=\"g-cols wpb_row us_custom_4b7dfce1 via_flex valign_top type_default stacking_default\"><div class=\"vc_col-sm-6 wpb_column vc_column_container\"><div class=\"vc_column-inner\"><div class=\"wpb_wrapper\">[vc_custom_heading text=\u00bbDatos de contacto directos\u00bb use_theme_fonts=\u00bbyes\u00bb el_class=\u00bbdeco-title\u00bb]<div class=\"wpb_text_column us_custom_54f195e1\"><div class=\"wpb_wrapper\"><p>\u00bfPrefiere hablar directamente con nosotros? Aqu\u00ed tiene c\u00f3mo ponerse en contacto con nosotros:<\/p>\n<\/div><\/div><div class=\"w-iconbox icon-contact iconpos_left style_default color_primary align_left\"><div class=\"w-iconbox-icon\" style=\"font-size:1.5rem;\"><span class=\"fal fa-phone-alt\"><\/span><\/div><div class=\"w-iconbox-meta\"><p class=\"w-iconbox-title\">N\u00famero de tel\u00e9fono<\/p><div class=\"w-iconbox-text\"><p><a href=\"tel:+34951250602\">+34.951.250.602<\/a><\/p>\n<\/div><\/div><\/div><div class=\"w-iconbox icon-contact iconpos_left style_default color_primary align_left\"><div class=\"w-iconbox-icon\" style=\"font-size:1.5rem;\"><span class=\"fab fa-whatsapp\"><\/span><\/div><div class=\"w-iconbox-meta\"><p class=\"w-iconbox-title\">Whatsapp (en ingl\u00e9s)<\/p><div class=\"w-iconbox-text\"><p><a href=\"https:\/\/wa.me\/34690150717\">+34.690.150.717<\/a><\/p>\n<\/div><\/div><\/div><div class=\"w-iconbox icon-contact iconpos_left style_default color_primary align_left\"><div class=\"w-iconbox-icon\" style=\"font-size:1.5rem;\"><span class=\"fal fa-envelope\"><\/span><\/div><div class=\"w-iconbox-meta\"><p class=\"w-iconbox-title\">Direcci\u00f3n de correo electr\u00f3nico<\/p><div class=\"w-iconbox-text\"><p><a href=\"mailto:info@sonnetouristik.com\">info@sonnetouristik.com<\/a><\/p>\n<\/div><\/div><\/div><div class=\"w-iconbox icon-contact iconpos_left style_default color_primary align_left\"><div class=\"w-iconbox-icon\" style=\"font-size:1.5rem;\"><span class=\"fal fa-map-marker-alt\"><\/span><\/div><div class=\"w-iconbox-meta\"><p class=\"w-iconbox-title\">Ubicaci\u00f3n<\/p><div class=\"w-iconbox-text\"><p>Paseo de Reding 43 &#8211; 1 Izq 29016 M\u00e1laga, Espa\u00f1a<\/p>\n<\/div><\/div><\/div><div class=\"w-socials social-icons color_text shape_circle style_colored hover_fade\" style=\"--gap:0.1em;\"><div class=\"w-socials-list\"><div class=\"w-socials-item instagram\"><a href=\"#\" class=\"w-socials-item-link\" title=\"Instagram\" aria-label=\"Instagram\"><span class=\"w-socials-item-link-hover\"><\/span><span class=\"fab fa-instagram\"><\/span><\/a><div class=\"w-socials-item-popup\"><span>Instagram<\/span><\/div><\/div><div class=\"w-socials-item facebook\"><a href=\"https:\/\/www.facebook.com\/\" class=\"w-socials-item-link\" title=\"Facebook\" aria-label=\"Facebook\"><span class=\"w-socials-item-link-hover\"><\/span><span class=\"fab fa-facebook\"><\/span><\/a><div class=\"w-socials-item-popup\"><span>Facebook<\/span><\/div><\/div><div class=\"w-socials-item twitter\"><a href=\"https:\/\/www.twitter.com\/\" class=\"w-socials-item-link\" title=\"Twitter\" aria-label=\"Twitter\"><span class=\"w-socials-item-link-hover\"><\/span><span class=\"fab fa-x-twitter\"><svg style=\"width:1em; margin-bottom:-.1em;\" xmlns=\"http:\/\/www.w3.org\/2000\/svg\" viewBox=\"0 0 512 512\"><path fill=\"currentColor\" d=\"M389.2 48h70.6L305.6 224.2 487 464H345L233.7 318.6 106.5 464H35.8L200.7 275.5 26.8 48H172.4L272.9 180.9 389.2 48zM364.4 421.8h39.1L151.1 88h-42L364.4 421.8z\"\/><\/svg><\/span><\/a><div class=\"w-socials-item-popup\"><span>Twitter<\/span><\/div><\/div><\/div><\/div><\/div><\/div><\/div><div class=\"vc_col-sm-6 wpb_column vc_column_container has_bg_color\"><div class=\"vc_column-inner us_custom_98e39f73\"><div class=\"wpb_wrapper\">[vc_custom_heading text=\u00bbNos encantar\u00eda saber de usted\u00bb font_container=\u00bbtag:p|text_align:left\u00bb use_theme_fonts=\u00bbyes\u00bb css=\u00bb%7B%22default%22%3A%7B%22font-size%22%3A%221.2rem%22%2C%22font-family%22%3A%22Century%20Gothic%20Bold%22%2C%22font-weight%22%3A%22700%22%2C%22margin-bottom%22%3A%221rem%22%7D%7D\u00bb]<div class=\"wpb_text_column us_custom_ea2be81a\"><div class=\"wpb_wrapper\"><p>Rellene el siguiente formulario con sus datos y nos pondremos en contacto con usted lo antes posible.<\/p>\n<\/div><\/div><div class=\"w-separator size_small with_line width_default thick_1 style_solid color_border align_center\"><div class=\"w-separator-h\"><\/div><\/div>\n<div class=\"wpcf7 no-js\" id=\"wpcf7-f784-o1\" lang=\"es-ES\" dir=\"ltr\" data-wpcf7-id=\"784\">\n<div class=\"screen-reader-response\"><p role=\"status\" aria-live=\"polite\" aria-atomic=\"true\"><\/p> <ul><\/ul><\/div>\n<form action=\"\/es\/wp-json\/wp\/v2\/pages\/752#wpcf7-f784-o1\" method=\"post\" class=\"wpcf7-form init wpcf7-acceptance-as-validation\" aria-label=\"Formulario de contacto\" novalidate=\"novalidate\" data-status=\"init\">\n<fieldset class=\"hidden-fields-container\"><input type=\"hidden\" name=\"_wpcf7\" value=\"784\" \/><input type=\"hidden\" name=\"_wpcf7_version\" value=\"6.1.5\" \/><input type=\"hidden\" name=\"_wpcf7_locale\" value=\"es_ES\" \/><input type=\"hidden\" name=\"_wpcf7_unit_tag\" value=\"wpcf7-f784-o1\" \/><input type=\"hidden\" name=\"_wpcf7_container_post\" value=\"0\" \/><input type=\"hidden\" name=\"_wpcf7_posted_data_hash\" value=\"\" \/><input type=\"hidden\" name=\"_wpcf7_recaptcha_response\" value=\"\" \/>\n<\/fieldset>\n<div class=\"cf-container\">\n    <div class=\"cf-col-12\">\n         <label for=\"full-name\"><span class=\"label\"> Nombre completo *<\/span><\/label>\n<span class=\"wpcf7-form-control-wrap\" data-name=\"full-name\"><input size=\"40\" maxlength=\"400\" class=\"wpcf7-form-control wpcf7-text wpcf7-validates-as-required\" id=\"full-name\" autocomplete=\"name\" aria-required=\"true\" aria-invalid=\"false\" placeholder=\"Nombre completo*\" value=\"\" type=\"text\" name=\"full-name\" \/><\/span>\n    <\/div>\n    <div class=\"cf-col-12\">\n         <label for=\"email\"><span class=\"label\"> Correo electr\u00f3nico<\/span><\/label>\n        <span class=\"wpcf7-form-control-wrap\" data-name=\"email\"><input size=\"40\" maxlength=\"400\" class=\"wpcf7-form-control wpcf7-email wpcf7-validates-as-required wpcf7-text wpcf7-validates-as-email\" id=\"email\" autocomplete=\"email\" aria-required=\"true\" aria-invalid=\"false\" placeholder=\"Correo electr\u00f3nico\" value=\"\" type=\"email\" name=\"email\" \/><\/span>\n    <\/div>\n    <div class=\"cf-col-12\">\n         <label for=\"phone-number\"><span class=\"label\"> N\u00famero de tel\u00e9fono *<\/span><\/label>\n        <span class=\"wpcf7-form-control-wrap\" data-name=\"phone-number\"><input size=\"40\" maxlength=\"400\" class=\"wpcf7-form-control wpcf7-tel wpcf7-validates-as-required wpcf7-text wpcf7-validates-as-tel\" id=\"phone-number\" autocomplete=\"tel\" aria-required=\"true\" aria-invalid=\"false\" placeholder=\"N\u00famero de tel\u00e9fono*\" value=\"\" type=\"tel\" name=\"phone-number\" \/><\/span>\n    <\/div>\n    <div class=\"cf-col-12\">\n         <label for=\"agency\"><span class=\"label\"> Agencia\/Empresa *<\/span><\/label>\n        <span class=\"wpcf7-form-control-wrap\" data-name=\"agency\"><input size=\"40\" maxlength=\"400\" class=\"wpcf7-form-control wpcf7-text wpcf7-validates-as-required\" id=\"agency\" aria-required=\"true\" aria-invalid=\"false\" placeholder=\"Agencia\/Empresa\" value=\"\" type=\"text\" name=\"agency\" \/><\/span>\n    <\/div>\n    <div class=\"cf-col-12\">\n         <label for=\"message\"><span class=\"label\"> Mensaje <\/span><\/label>\n        <span class=\"wpcf7-form-control-wrap\" data-name=\"message\"><textarea cols=\"40\" rows=\"10\" maxlength=\"2000\" class=\"wpcf7-form-control wpcf7-textarea\" id=\"message\" aria-invalid=\"false\" placeholder=\"H\u00e1blenos de sus necesidades de viaje y nos pondremos en contacto con usted lo antes posible.\" name=\"message\"><\/textarea><\/span>\n    <\/div>\n    <div class=\"cf-col-12\">\n        <label for=\"legal\">\n            <span class=\"wpcf7-form-control-wrap\" data-name=\"legal\"><span class=\"wpcf7-form-control wpcf7-acceptance\"><span class=\"wpcf7-list-item\"><label><input type=\"checkbox\" name=\"legal\" value=\"1\" id=\"legal\" aria-invalid=\"false\" \/><span class=\"wpcf7-list-item-label\">He le\u00eddo y acepto la <a rel=\"nofollow\" target=\"_blank\" href=\"\/politica-de-privacidad\/\">pol\u00edtica de privacidad<\/a> de \n.<\/span><\/label><\/span><\/span><\/span>\n    <\/label>\n    <\/div>\n    <div class=\"cf-col-12\">\n        <input class=\"wpcf7-form-control wpcf7-submit has-spinner\" id=\"form-contact\" type=\"submit\" value=\"Env\u00ede su consulta\" \/>\n    <\/div>\n<\/div><div class=\"wpcf7-response-output\" aria-hidden=\"true\"><\/div>\n<\/form>\n<\/div>\n<\/div><\/div><\/div><\/div><\/div><\/div><\/div><div class=\"vc_col-sm-12 wpb_column vc_column_container\"><div class=\"vc_column-inner\"><div class=\"wpb_wrapper\"><div class=\"w-image img-background align_center\"><div class=\"w-image-h\"><img decoding=\"async\" width=\"1105\" height=\"828\" src=\"https:\/\/sonnetouristik.com\/wp-content\/uploads\/2024\/12\/img-background.jpg\" class=\"attachment-full size-full\" alt=\"\" loading=\"lazy\" srcset=\"https:\/\/sonnetouristik.com\/wp-content\/uploads\/2024\/12\/img-background.jpg 1105w, https:\/\/sonnetouristik.com\/wp-content\/uploads\/2024\/12\/img-background-300x225.jpg 300w, https:\/\/sonnetouristik.com\/wp-content\/uploads\/2024\/12\/img-background-1024x767.jpg 1024w\" sizes=\"auto, (max-width: 1105px) 100vw, 1105px\" \/><\/div><\/div><\/div><\/div><\/div><\/div><\/div><\/section><section class=\"l-section wpb_row height_large color_alternate with_img parallax_fixed\"><div class=\"l-section-img\" role=\"img\" data-img-width=\"1920\" data-img-height=\"1076\" style=\"background-image: url(https:\/\/sonnetouristik.com\/wp-content\/uploads\/2024\/12\/travel-agency-team-meeting-planning-Spain.jpg);background-repeat: no-repeat;\"><\/div><div class=\"l-section-overlay\" style=\"background:rgba(0,0,0,0.80)\"><\/div><div class=\"l-section-h i-cf\"><div class=\"g-cols vc_row via_flex valign_middle type_default stacking_default\"><div class=\"vc_col-sm-8 wpb_column vc_column_container\"><div class=\"vc_column-inner\"><div class=\"wpb_wrapper\">[vc_custom_heading text=\u00bbRedefinamos juntos los viajes\u00bb use_theme_fonts=\u00bbyes\u00bb el_class=\u00bbdeco-title\u00bb]<div class=\"wpb_text_column us_custom_a94b9374\"><div class=\"wpb_wrapper\"><p>P\u00f3ngase en contacto con nosotros hoy mismo y empiece a crear experiencias de viaje inolvidables para sus clientes. Juntos, daremos vida a sus viajes.<\/p>\n<\/div><\/div><\/div><\/div><\/div><div class=\"vc_col-sm-4 wpb_column vc_column_container\"><div class=\"vc_column-inner\"><div class=\"wpb_wrapper\"><div class=\"w-btn-wrapper align_center\"><a class=\"w-btn us-btn-style_1\" href=\"#contact\"><span class=\"w-btn-label\">Ponte en contacto<\/span><\/a><\/div><\/div><\/div><\/div><\/div><\/div><\/section>\n","protected":false},"excerpt":{"rendered":"[vc_custom_heading text=\"Planifiquemos su pr\u00f3ximo viaje\" font_container=\"tag:h1|text_align:center\" use_theme_fonts=\"yes\"][vc_custom_heading text=\"P\u00f3ngase en contacto con Sonne Touristik para obtener soluciones de viaje a medida en Espa\u00f1a y Portugal.\" font_container=\"tag:h2|text_align:center\" use_theme_fonts=\"yes\" css=\"%7B%22default%22%3A%7B%22color%22%3A%22%23ffffff%22%2C%22font-size%22%3A%221.5rem%22%2C%22font-family%22%3A%22Century%20Gothic%22%2C%22font-weight%22%3A%22300%22%2C%22text-transform%22%3A%22none%22%2C%22margin-bottom%22%3A%222rem%22%7D%7D\"]Comienza tu viaje[vc_custom_heading text=\"Datos de contacto directos\" use_theme_fonts=\"yes\" el_class=\"deco-title\"]\u00bfPrefiere hablar directamente con nosotros? Aqu\u00ed tiene c\u00f3mo ponerse en contacto con nosotros: N\u00famero de tel\u00e9fono+34.951.250.602 Whatsapp (en ingl\u00e9s)+34.690.150.717 Direcci\u00f3n de...","protected":false},"author":1,"featured_media":0,"parent":0,"menu_order":0,"comment_status":"closed","ping_status":"closed","template":"","meta":{"_acf_changed":false,"footnotes":""},"class_list":["post-752","page","type-page","status-publish","hentry"],"acf":[],"yoast_head":"<!-- This site is optimized with the Yoast SEO plugin v27.4 - https:\/\/yoast.com\/product\/yoast-seo-wordpress\/ -->\n<title>Contacte con Sonne Touristik: planifique hoy mismo viajes inolvidables<\/title>\n<meta name=\"description\" content=\"P\u00f3ngase en contacto con Sonne Touristik para obtener soluciones de viaje a medida en Espa\u00f1a y Portugal. Redefinamos los viajes en grupo para sus clientes\" \/>\n<meta name=\"robots\" content=\"index, follow, max-snippet:-1, max-image-preview:large, max-video-preview:-1\" \/>\n<link rel=\"canonical\" href=\"https:\/\/sonnetouristik.com\/es\/contacto\/\" \/>\n<meta property=\"og:locale\" content=\"es_ES\" \/>\n<meta property=\"og:type\" content=\"article\" \/>\n<meta property=\"og:title\" content=\"Contacte con Sonne Touristik: planifique hoy mismo viajes inolvidables\" \/>\n<meta property=\"og:description\" content=\"P\u00f3ngase en contacto con Sonne Touristik para obtener soluciones de viaje a medida en Espa\u00f1a y Portugal. Redefinamos los viajes en grupo para sus clientes\" \/>\n<meta property=\"og:url\" content=\"https:\/\/sonnetouristik.com\/es\/contacto\/\" \/>\n<meta property=\"og:site_name\" content=\"Sonne Touristik\" \/>\n<meta property=\"article:modified_time\" content=\"2025-02-10T14:23:29+00:00\" \/>\n<meta name=\"twitter:card\" content=\"summary_large_image\" \/>\n<meta name=\"twitter:label1\" content=\"Tiempo de lectura\" \/>\n\t<meta name=\"twitter:data1\" content=\"1 minuto\" \/>\n<script type=\"application\/ld+json\" class=\"yoast-schema-graph\">{\"@context\":\"https:\\\/\\\/schema.org\",\"@graph\":[{\"@type\":\"WebPage\",\"@id\":\"https:\\\/\\\/sonnetouristik.com\\\/es\\\/contacto\\\/\",\"url\":\"https:\\\/\\\/sonnetouristik.com\\\/es\\\/contacto\\\/\",\"name\":\"Contacte con Sonne Touristik: planifique hoy mismo viajes inolvidables\",\"isPartOf\":{\"@id\":\"https:\\\/\\\/sonnetouristik.com\\\/es\\\/#website\"},\"datePublished\":\"2022-09-30T11:26:09+00:00\",\"dateModified\":\"2025-02-10T14:23:29+00:00\",\"description\":\"P\u00f3ngase en contacto con Sonne Touristik para obtener soluciones de viaje a medida en Espa\u00f1a y Portugal. Redefinamos los viajes en grupo para sus clientes\",\"breadcrumb\":{\"@id\":\"https:\\\/\\\/sonnetouristik.com\\\/es\\\/contacto\\\/#breadcrumb\"},\"inLanguage\":\"es\",\"potentialAction\":[{\"@type\":\"ReadAction\",\"target\":[\"https:\\\/\\\/sonnetouristik.com\\\/es\\\/contacto\\\/\"]}]},{\"@type\":\"BreadcrumbList\",\"@id\":\"https:\\\/\\\/sonnetouristik.com\\\/es\\\/contacto\\\/#breadcrumb\",\"itemListElement\":[{\"@type\":\"ListItem\",\"position\":1,\"name\":\"Portada\",\"item\":\"https:\\\/\\\/sonnetouristik.com\\\/es\\\/\"},{\"@type\":\"ListItem\",\"position\":2,\"name\":\"Contacto\"}]},{\"@type\":\"WebSite\",\"@id\":\"https:\\\/\\\/sonnetouristik.com\\\/es\\\/#website\",\"url\":\"https:\\\/\\\/sonnetouristik.com\\\/es\\\/\",\"name\":\"Sonne Touristik\",\"description\":\"\",\"potentialAction\":[{\"@type\":\"SearchAction\",\"target\":{\"@type\":\"EntryPoint\",\"urlTemplate\":\"https:\\\/\\\/sonnetouristik.com\\\/es\\\/?s={search_term_string}\"},\"query-input\":{\"@type\":\"PropertyValueSpecification\",\"valueRequired\":true,\"valueName\":\"search_term_string\"}}],\"inLanguage\":\"es\"}]}<\/script>\n<!-- \/ Yoast SEO plugin. -->","yoast_head_json":{"title":"Contacte con Sonne Touristik: planifique hoy mismo viajes inolvidables","description":"P\u00f3ngase en contacto con Sonne Touristik para obtener soluciones de viaje a medida en Espa\u00f1a y Portugal. Redefinamos los viajes en grupo para sus clientes","robots":{"index":"index","follow":"follow","max-snippet":"max-snippet:-1","max-image-preview":"max-image-preview:large","max-video-preview":"max-video-preview:-1"},"canonical":"https:\/\/sonnetouristik.com\/es\/contacto\/","og_locale":"es_ES","og_type":"article","og_title":"Contacte con Sonne Touristik: planifique hoy mismo viajes inolvidables","og_description":"P\u00f3ngase en contacto con Sonne Touristik para obtener soluciones de viaje a medida en Espa\u00f1a y Portugal. Redefinamos los viajes en grupo para sus clientes","og_url":"https:\/\/sonnetouristik.com\/es\/contacto\/","og_site_name":"Sonne Touristik","article_modified_time":"2025-02-10T14:23:29+00:00","twitter_card":"summary_large_image","twitter_misc":{"Tiempo de lectura":"1 minuto"},"schema":{"@context":"https:\/\/schema.org","@graph":[{"@type":"WebPage","@id":"https:\/\/sonnetouristik.com\/es\/contacto\/","url":"https:\/\/sonnetouristik.com\/es\/contacto\/","name":"Contacte con Sonne Touristik: planifique hoy mismo viajes inolvidables","isPartOf":{"@id":"https:\/\/sonnetouristik.com\/es\/#website"},"datePublished":"2022-09-30T11:26:09+00:00","dateModified":"2025-02-10T14:23:29+00:00","description":"P\u00f3ngase en contacto con Sonne Touristik para obtener soluciones de viaje a medida en Espa\u00f1a y Portugal. Redefinamos los viajes en grupo para sus clientes","breadcrumb":{"@id":"https:\/\/sonnetouristik.com\/es\/contacto\/#breadcrumb"},"inLanguage":"es","potentialAction":[{"@type":"ReadAction","target":["https:\/\/sonnetouristik.com\/es\/contacto\/"]}]},{"@type":"BreadcrumbList","@id":"https:\/\/sonnetouristik.com\/es\/contacto\/#breadcrumb","itemListElement":[{"@type":"ListItem","position":1,"name":"Portada","item":"https:\/\/sonnetouristik.com\/es\/"},{"@type":"ListItem","position":2,"name":"Contacto"}]},{"@type":"WebSite","@id":"https:\/\/sonnetouristik.com\/es\/#website","url":"https:\/\/sonnetouristik.com\/es\/","name":"Sonne Touristik","description":"","potentialAction":[{"@type":"SearchAction","target":{"@type":"EntryPoint","urlTemplate":"https:\/\/sonnetouristik.com\/es\/?s={search_term_string}"},"query-input":{"@type":"PropertyValueSpecification","valueRequired":true,"valueName":"search_term_string"}}],"inLanguage":"es"}]}},"_links":{"self":[{"href":"https:\/\/sonnetouristik.com\/es\/wp-json\/wp\/v2\/pages\/752","targetHints":{"allow":["GET"]}}],"collection":[{"href":"https:\/\/sonnetouristik.com\/es\/wp-json\/wp\/v2\/pages"}],"about":[{"href":"https:\/\/sonnetouristik.com\/es\/wp-json\/wp\/v2\/types\/page"}],"author":[{"embeddable":true,"href":"https:\/\/sonnetouristik.com\/es\/wp-json\/wp\/v2\/users\/1"}],"replies":[{"embeddable":true,"href":"https:\/\/sonnetouristik.com\/es\/wp-json\/wp\/v2\/comments?post=752"}],"version-history":[{"count":3,"href":"https:\/\/sonnetouristik.com\/es\/wp-json\/wp\/v2\/pages\/752\/revisions"}],"predecessor-version":[{"id":821,"href":"https:\/\/sonnetouristik.com\/es\/wp-json\/wp\/v2\/pages\/752\/revisions\/821"}],"wp:attachment":[{"href":"https:\/\/sonnetouristik.com\/es\/wp-json\/wp\/v2\/media?parent=752"}],"curies":[{"name":"wp","href":"https:\/\/api.w.org\/{rel}","templated":true}]}}