{"id":758,"date":"2024-12-12T14:25:33","date_gmt":"2024-12-12T12:25:33","guid":{"rendered":"https:\/\/sonnetouristik.com\/ideas-e-inspiracion-viajar-con-sonne\/"},"modified":"2025-02-10T14:39:33","modified_gmt":"2025-02-10T12:39:33","slug":"ideas-e-inspiracion-viajar-con-sonne","status":"publish","type":"page","link":"https:\/\/sonnetouristik.com\/es\/blog\/","title":{"rendered":"Blog"},"content":{"rendered":"<section class=\"l-section wpb_row height_huge with_img\"><div class=\"l-section-img\" role=\"img\" data-img-width=\"1920\" data-img-height=\"1057\" style=\"background-image: url(https:\/\/sonnetouristik.com\/wp-content\/uploads\/2025\/01\/blog-hero-travel-scaled.jpeg);background-repeat: no-repeat;\"><\/div><div class=\"l-section-overlay\" style=\"background:rgba(0,0,0,0.40)\"><\/div><div class=\"l-section-h i-cf\"><div class=\"g-cols vc_row via_flex valign_top type_default stacking_default\"><div class=\"vc_col-sm-12 wpb_column vc_column_container\"><div class=\"vc_column-inner\"><div class=\"wpb_wrapper\">[vc_custom_heading text=\u00bbIdeas e inspiraci\u00f3n: Viajar con Sonne\u00bb font_container=\u00bbtag:h1|text_align:center\u00bb use_theme_fonts=\u00bbyes\u00bb]<div class=\"w-separator separator-line size_custom with_line width_30 thick_1 style_solid color_border align_center\" style=\"height:\"><div class=\"w-separator-h\"><\/div><\/div>[vc_custom_heading text=\u00bbDescubra consejos de expertos, aspectos culturales destacados y tendencias de viaje para Espa\u00f1a y Portugal.\u00bb font_container=\u00bbtag:h2|text_align:center\u00bb use_theme_fonts=\u00bbyes\u00bb css=\u00bb%7B%22default%22%3A%7B%22color%22%3A%22%23ffffff%22%2C%22font-size%22%3A%221.5rem%22%2C%22font-family%22%3A%22Century%20Gothic%22%2C%22font-weight%22%3A%22300%22%2C%22text-transform%22%3A%22none%22%2C%22margin-bottom%22%3A%222rem%22%7D%7D\u00bb]<div class=\"w-btn-wrapper align_center\"><a class=\"w-btn us-btn-style_2\" href=\"#blog\"><span class=\"w-btn-label\">Comenzar a leer<\/span><\/a><\/div><\/div><\/div><\/div><\/div><\/div><\/section><section class=\"l-section wpb_row height_large\" id=\"blog\"><div class=\"l-section-h i-cf\"><div class=\"g-cols vc_row via_flex valign_top type_default stacking_default\"><div class=\"vc_col-sm-12 wpb_column vc_column_container\"><div class=\"vc_column-inner\"><div class=\"wpb_wrapper\"><div class=\"g-cols wpb_row us_custom_efc17075 via_flex valign_top type_default stacking_default\"><div class=\"vc_col-sm-8 wpb_column vc_column_container\"><div class=\"vc_column-inner\"><div class=\"wpb_wrapper\">[vc_custom_heading text=\u00bbLecturas destacadas\u00bb use_theme_fonts=\u00bbyes\u00bb css=\u00bb%7B%22default%22%3A%7B%22font-family%22%3A%22h2%22%2C%22margin-bottom%22%3A%222rem%22%7D%7D\u00bb el_class=\u00bbdeco-title2&#8243;]<div class=\"w-grid grid-blog type_grid layout_247 cols_3 pagination_ajax with_css_animation\" id=\"us_grid_1\" style=\"--gap:0.8rem;\" data-filterable=\"true\"><style>@media (max-width:991px){#us_grid_1 .w-grid-item{width:50%}}@media (max-width:650px){#us_grid_1 .w-grid-list{margin:0}#us_grid_1 .w-grid-item{width:100%;padding:0;margin-bottom:var(--gap,0px)}}.layout_247 .w-grid-item-h{}.layout_247 .usg_post_image_1{border-radius:3px!important}.layout_247 .usg_image_1{width:24px!important}.layout_247 .usg_post_date_1{font-size:0.85rem!important;text-transform:capitalize!important}.layout_247 .usg_post_title_1{font-size:1rem!important;font-family:Century Gothic!important;font-weight:400!important;text-transform:none!important;margin-bottom:1rem!important}.layout_247 .usg_image_2{margin-bottom:0!important}<\/style><div class=\"w-grid-list\">\t<article class=\"w-grid-item us_animate_afb size_1x1 post-805 post type-post status-publish format-standard has-post-thumbnail hentry category-sin-categoria\" data-id=\"805\" style=\"animation-delay:0s\">\r\n\t\t<div class=\"w-grid-item-h\">\r\n\t\t\t\t\t\t<div class=\"w-vwrapper usg_vwrapper_1 align_center valign_top\"><div class=\"w-post-elm post_image usg_post_image_1 has_ratio\"><a href=\"https:\/\/sonnetouristik.com\/es\/5-joyas-ocultas-de-andalucia-para-viajes-en-grupo\/\" aria-label=\"5 joyas ocultas de Andaluc\u00eda para viajes en grupo\"><img loading=\"lazy\" decoding=\"async\" width=\"1024\" height=\"453\" src=\"https:\/\/sonnetouristik.com\/wp-content\/uploads\/2024\/12\/hidden-gems-andalucia-ronda-1-1024x453.jpg\" class=\"attachment-large size-large wp-post-image\" alt=\"\" srcset=\"https:\/\/sonnetouristik.com\/wp-content\/uploads\/2024\/12\/hidden-gems-andalucia-ronda-1-1024x453.jpg 1024w, https:\/\/sonnetouristik.com\/wp-content\/uploads\/2024\/12\/hidden-gems-andalucia-ronda-1-300x133.jpg 300w, https:\/\/sonnetouristik.com\/wp-content\/uploads\/2024\/12\/hidden-gems-andalucia-ronda-1.jpg 1920w\" sizes=\"auto, (max-width: 1024px) 100vw, 1024px\" \/><\/a><div style=\"padding-bottom:133.3333%\"><\/div><\/div><div class=\"w-image usg_image_1 arrow-blog\"><div class=\"w-image-h\"><img decoding=\"async\" width=\"1024\" height=\"1024\" src=\"https:\/\/sonnetouristik.com\/wp-content\/uploads\/2024\/12\/Arrow-Down-3.svg\" class=\"attachment-large size-large\" alt=\"\" loading=\"lazy\" \/><\/div><\/div><time class=\"w-post-elm post_date usg_post_date_1 entry-date published\" datetime=\"2024-12-12T12:15:36+02:00\">diciembre 12, 2024<\/time><div class=\"w-image usg_image_2\"><div class=\"w-image-h\"><img decoding=\"async\" width=\"77\" height=\"2\" src=\"https:\/\/sonnetouristik.com\/wp-content\/uploads\/2024\/12\/img-separator-black.png\" class=\"attachment-full size-full\" alt=\"\" loading=\"lazy\" \/><\/div><\/div><h3 class=\"w-post-elm post_title usg_post_title_1 entry-title color_link_inherit\"><a href=\"https:\/\/sonnetouristik.com\/es\/5-joyas-ocultas-de-andalucia-para-viajes-en-grupo\/\">5 joyas ocultas de Andaluc\u00eda para viajes en grupo<\/a><\/h3><\/div>\t\t<\/div>\r\n\t\t\t<\/article>\r\n\t<article class=\"w-grid-item us_animate_afb size_1x1 post-808 post type-post status-publish format-standard has-post-thumbnail hentry category-sin-categoria\" data-id=\"808\" style=\"animation-delay:0.1s\">\r\n\t\t<div class=\"w-grid-item-h\">\r\n\t\t\t\t\t\t<div class=\"w-vwrapper usg_vwrapper_1 align_center valign_top\"><div class=\"w-post-elm post_image usg_post_image_1 has_ratio\"><a href=\"https:\/\/sonnetouristik.com\/es\/como-confeccionar-el-itinerario-perfecto-para-las-asociaciones\/\" aria-label=\"C\u00f3mo confeccionar el itinerario perfecto para las asociaciones\"><img loading=\"lazy\" decoding=\"async\" width=\"1024\" height=\"453\" src=\"https:\/\/sonnetouristik.com\/wp-content\/uploads\/2024\/12\/tailored-itinerary-associations-1024x453.jpg\" class=\"attachment-large size-large wp-post-image\" alt=\"\" srcset=\"https:\/\/sonnetouristik.com\/wp-content\/uploads\/2024\/12\/tailored-itinerary-associations-1024x453.jpg 1024w, https:\/\/sonnetouristik.com\/wp-content\/uploads\/2024\/12\/tailored-itinerary-associations-300x133.jpg 300w, https:\/\/sonnetouristik.com\/wp-content\/uploads\/2024\/12\/tailored-itinerary-associations.jpg 1920w\" sizes=\"auto, (max-width: 1024px) 100vw, 1024px\" \/><\/a><div style=\"padding-bottom:133.3333%\"><\/div><\/div><div class=\"w-image usg_image_1 arrow-blog\"><div class=\"w-image-h\"><img decoding=\"async\" width=\"1024\" height=\"1024\" src=\"https:\/\/sonnetouristik.com\/wp-content\/uploads\/2024\/12\/Arrow-Down-3.svg\" class=\"attachment-large size-large\" alt=\"\" loading=\"lazy\" \/><\/div><\/div><time class=\"w-post-elm post_date usg_post_date_1 entry-date published\" datetime=\"2024-12-12T12:15:08+02:00\">diciembre 12, 2024<\/time><div class=\"w-image usg_image_2\"><div class=\"w-image-h\"><img decoding=\"async\" width=\"77\" height=\"2\" src=\"https:\/\/sonnetouristik.com\/wp-content\/uploads\/2024\/12\/img-separator-black.png\" class=\"attachment-full size-full\" alt=\"\" loading=\"lazy\" \/><\/div><\/div><h3 class=\"w-post-elm post_title usg_post_title_1 entry-title color_link_inherit\"><a href=\"https:\/\/sonnetouristik.com\/es\/como-confeccionar-el-itinerario-perfecto-para-las-asociaciones\/\">C\u00f3mo confeccionar el itinerario perfecto para las asociaciones<\/a><\/h3><\/div>\t\t<\/div>\r\n\t\t\t<\/article>\r\n<\/div><div class=\"w-grid-preloader\">\t<div class=\"g-preloader type_1\">\r\n\t\t<div><\/div>\r\n\t<\/div>\r\n\t<\/div>\t<div class=\"w-grid-json hidden\" onclick='return {&quot;action&quot;:&quot;us_ajax_grid&quot;,&quot;infinite_scroll&quot;:0,&quot;max_num_pages&quot;:1,&quot;pagination&quot;:&quot;ajax&quot;,&quot;template_vars&quot;:{&quot;columns&quot;:&quot;3&quot;,&quot;exclude_items&quot;:&quot;none&quot;,&quot;img_size&quot;:&quot;default&quot;,&quot;ignore_items_size&quot;:0,&quot;items_layout&quot;:&quot;247&quot;,&quot;items_offset&quot;:&quot;1&quot;,&quot;load_animation&quot;:&quot;afb&quot;,&quot;overriding_link&quot;:&quot;%7B%22url%22%3A%22%22%7D&quot;,&quot;post_id&quot;:0,&quot;query_args&quot;:{&quot;post_type&quot;:[&quot;post&quot;],&quot;post_status&quot;:[&quot;publish&quot;,&quot;acf-disabled&quot;],&quot;posts_per_page&quot;:&quot;6&quot;},&quot;orderby_query_args&quot;:{&quot;orderby&quot;:{&quot;date&quot;:&quot;DESC&quot;}},&quot;type&quot;:&quot;grid&quot;,&quot;us_grid_post_type&quot;:&quot;post&quot;,&quot;us_grid_ajax_index&quot;:1,&quot;us_grid_filter_query_string&quot;:null,&quot;us_grid_index&quot;:1,&quot;page_args&quot;:[],&quot;lang&quot;:&quot;es&quot;}}'><\/div>\r\n\t<\/div><\/div><\/div><\/div><div class=\"vc_col-sm-4 wpb_column vc_column_container\"><div class=\"vc_column-inner\"><div class=\"wpb_wrapper\">[vc_custom_heading text=\u00bbExplore los temas que le interesan\u00bb use_theme_fonts=\u00bbyes\u00bb]<div class=\"w-grid us_term_list type_grid layout_blog_1 cols_3\" id=\"us_grid_d545\" style=\"--gap:10px;\"><style>@media (max-width:991px){#us_grid_d545 .w-grid-item{width:50%}}@media (max-width:650px){#us_grid_d545 .w-grid-list{margin:0}#us_grid_d545 .w-grid-item{width:100%;padding:0;margin-bottom:var(--gap,0px)}}.layout_blog_1 .w-grid-item-h{}.layout_blog_1 .usg_post_image_1{margin-bottom:0.5rem!important}.layout_blog_1 .usg_post_title_1{font-size:1rem!important}<\/style><div class=\"w-grid-list\">\t<div class=\"w-grid-item type_term term-1 term-sin-categoria ratio_1x1\">\r\n\t\t<div class=\"w-grid-item-h\">\r\n\t\t\t\t\t\t<h2 class=\"w-post-elm post_title usg_post_title_1 entry-title color_link_inherit\"><a href=\"https:\/\/sonnetouristik.com\/es\/category\/sin-categoria\/\">Sin categor\u00eda&nbsp;<b>4<\/b><\/a><\/h2>\t\t<\/div>\r\n\t\t\t<\/div>\r\n<\/div>\t<div class=\"w-grid-json hidden\" onclick='return {&quot;template_vars&quot;:{&quot;lang&quot;:&quot;es&quot;}}'><\/div>\r\n\t<\/div><div class=\"w-separator size_medium\"><\/div>[vc_custom_heading text=\u00bbMant\u00e9ngase al d\u00eda de las \u00faltimas tendencias\u00bb use_theme_fonts=\u00bbyes\u00bb]<div class=\"w-grid us_post_list type_grid layout_blog_1\" id=\"us_post_list_ff8f\" style=\"--gap:1.5rem;\" data-filterable=\"true\"><div class=\"w-grid-list\">\t<article class=\"w-grid-item size_1x1 post-805 post type-post status-publish format-standard has-post-thumbnail hentry category-sin-categoria\" data-id=\"805\">\r\n\t\t<div class=\"w-grid-item-h\">\r\n\t\t\t\t\t\t<div class=\"w-post-elm post_image usg_post_image_1 stretched\"><a href=\"https:\/\/sonnetouristik.com\/es\/5-joyas-ocultas-de-andalucia-para-viajes-en-grupo\/\" aria-label=\"5 joyas ocultas de Andaluc\u00eda para viajes en grupo\"><img loading=\"lazy\" decoding=\"async\" width=\"1024\" height=\"453\" src=\"https:\/\/sonnetouristik.com\/wp-content\/uploads\/2024\/12\/hidden-gems-andalucia-ronda-1-1024x453.jpg\" class=\"attachment-large size-large wp-post-image\" alt=\"\" srcset=\"https:\/\/sonnetouristik.com\/wp-content\/uploads\/2024\/12\/hidden-gems-andalucia-ronda-1-1024x453.jpg 1024w, https:\/\/sonnetouristik.com\/wp-content\/uploads\/2024\/12\/hidden-gems-andalucia-ronda-1-300x133.jpg 300w, https:\/\/sonnetouristik.com\/wp-content\/uploads\/2024\/12\/hidden-gems-andalucia-ronda-1.jpg 1920w\" sizes=\"auto, (max-width: 1024px) 100vw, 1024px\" \/><\/a><\/div><h2 class=\"w-post-elm post_title usg_post_title_1 entry-title color_link_inherit\"><a href=\"https:\/\/sonnetouristik.com\/es\/5-joyas-ocultas-de-andalucia-para-viajes-en-grupo\/\">5 joyas ocultas de Andaluc\u00eda para viajes en grupo<\/a><\/h2>\t\t<\/div>\r\n\t\t\t<\/article>\r\n\t<article class=\"w-grid-item size_1x1 post-808 post type-post status-publish format-standard has-post-thumbnail hentry category-sin-categoria\" data-id=\"808\">\r\n\t\t<div class=\"w-grid-item-h\">\r\n\t\t\t\t\t\t<div class=\"w-post-elm post_image usg_post_image_1 stretched\"><a href=\"https:\/\/sonnetouristik.com\/es\/como-confeccionar-el-itinerario-perfecto-para-las-asociaciones\/\" aria-label=\"C\u00f3mo confeccionar el itinerario perfecto para las asociaciones\"><img loading=\"lazy\" decoding=\"async\" width=\"1024\" height=\"453\" src=\"https:\/\/sonnetouristik.com\/wp-content\/uploads\/2024\/12\/tailored-itinerary-associations-1024x453.jpg\" class=\"attachment-large size-large wp-post-image\" alt=\"\" srcset=\"https:\/\/sonnetouristik.com\/wp-content\/uploads\/2024\/12\/tailored-itinerary-associations-1024x453.jpg 1024w, https:\/\/sonnetouristik.com\/wp-content\/uploads\/2024\/12\/tailored-itinerary-associations-300x133.jpg 300w, https:\/\/sonnetouristik.com\/wp-content\/uploads\/2024\/12\/tailored-itinerary-associations.jpg 1920w\" sizes=\"auto, (max-width: 1024px) 100vw, 1024px\" \/><\/a><\/div><h2 class=\"w-post-elm post_title usg_post_title_1 entry-title color_link_inherit\"><a href=\"https:\/\/sonnetouristik.com\/es\/como-confeccionar-el-itinerario-perfecto-para-las-asociaciones\/\">C\u00f3mo confeccionar el itinerario perfecto para las asociaciones<\/a><\/h2>\t\t<\/div>\r\n\t\t\t<\/article>\r\n<\/div><div class=\"g-loadmore hidden\"><div class=\"g-preloader type_1\"><div><\/div><\/div><\/div><div class=\"w-grid-list-json hidden\" onclick='return {&quot;max_num_pages&quot;:0,&quot;pagination&quot;:&quot;none&quot;,&quot;paged&quot;:1,&quot;ajaxData&quot;:{&quot;_nonce&quot;:&quot;9e76e24c13&quot;,&quot;action&quot;:&quot;us_ajax_post_list&quot;,&quot;template_vars&quot;:{&quot;paged&quot;:1,&quot;max_num_pages&quot;:0,&quot;no_results&quot;:false,&quot;source&quot;:&quot;all&quot;,&quot;custom_field_name&quot;:&quot;&quot;,&quot;ids&quot;:null,&quot;post_type&quot;:&quot;post&quot;,&quot;post_author&quot;:&quot;any&quot;,&quot;post_author_ids&quot;:&quot;&quot;,&quot;exclude_children&quot;:0,&quot;exclude_current_post&quot;:1,&quot;exclude_prev_posts&quot;:0,&quot;tax_query_relation&quot;:&quot;none&quot;,&quot;tax_query&quot;:[{&quot;operator&quot;:&quot;IN&quot;,&quot;taxonomy&quot;:&quot;category&quot;,&quot;terms&quot;:&quot;&quot;,&quot;include_children&quot;:0}],&quot;meta_query_relation&quot;:&quot;none&quot;,&quot;meta_query&quot;:[{&quot;key&quot;:&quot;custom_field_name&quot;,&quot;compare&quot;:&quot;=&quot;,&quot;value&quot;:&quot;&quot;}],&quot;orderby&quot;:&quot;date&quot;,&quot;orderby_custom_field&quot;:&quot;&quot;,&quot;orderby_custom_type&quot;:0,&quot;order_invert&quot;:&quot;1&quot;,&quot;show_all&quot;:0,&quot;quantity&quot;:&quot;2&quot;,&quot;no_items_action&quot;:&quot;message&quot;,&quot;no_items_message&quot;:&quot;No se han encontrado resultados.&quot;,&quot;no_items_page_block&quot;:&quot;&quot;,&quot;pagination&quot;:&quot;none&quot;,&quot;pagination_style&quot;:&quot;&quot;,&quot;pagination_btn_text&quot;:&quot;Cargar m\\u00e1s&quot;,&quot;pagination_btn_size&quot;:&quot;&quot;,&quot;pagination_btn_style&quot;:&quot;1&quot;,&quot;pagination_btn_fullwidth&quot;:0,&quot;items_layout&quot;:&quot;blog_1&quot;,&quot;type&quot;:&quot;grid&quot;,&quot;items_valign&quot;:0,&quot;ignore_items_size&quot;:0,&quot;load_animation&quot;:&quot;none&quot;,&quot;columns&quot;:&quot;1&quot;,&quot;items_gap&quot;:&quot;1.5rem&quot;,&quot;img_size&quot;:&quot;default&quot;,&quot;title_size&quot;:&quot;&quot;,&quot;items_ratio&quot;:&quot;default&quot;,&quot;items_ratio_width&quot;:&quot;21&quot;,&quot;items_ratio_height&quot;:&quot;9&quot;,&quot;overriding_link&quot;:&quot;%7B%22url%22%3A%22%22%7D&quot;,&quot;popup_width&quot;:&quot;&quot;,&quot;popup_arrows&quot;:1,&quot;breakpoint_1_width&quot;:&quot;1281px&quot;,&quot;breakpoint_1_cols&quot;:&quot;default&quot;,&quot;breakpoint_1_gap&quot;:&quot;&quot;,&quot;breakpoint_2_width&quot;:&quot;992px&quot;,&quot;breakpoint_2_cols&quot;:&quot;2&quot;,&quot;breakpoint_2_gap&quot;:&quot;&quot;,&quot;breakpoint_3_width&quot;:&quot;651px&quot;,&quot;breakpoint_3_cols&quot;:&quot;1&quot;,&quot;breakpoint_3_gap&quot;:&quot;&quot;,&quot;conditions_operator&quot;:&quot;always&quot;,&quot;conditions&quot;:[],&quot;css&quot;:null,&quot;el_class&quot;:&quot;&quot;,&quot;el_id&quot;:&quot;&quot;,&quot;enable_custom_html_atts&quot;:0,&quot;custom_html_atts&quot;:null,&quot;hide_on_states&quot;:&quot;&quot;,&quot;hide_for_sticky&quot;:0,&quot;hide_for_not_sticky&quot;:0,&quot;hide_below&quot;:&quot;0px&quot;,&quot;hide_above&quot;:&quot;0px&quot;,&quot;classes&quot;:&quot;&quot;},&quot;meta_type&quot;:&quot;post&quot;,&quot;object_id&quot;:0}}'><\/div><\/div><\/div><\/div><\/div><\/div><\/div><\/div><\/div><\/div><\/div><\/section><section class=\"l-section wpb_row height_large color_alternate with_img parallax_fixed\"><div class=\"l-section-img\" role=\"img\" data-img-width=\"1920\" data-img-height=\"1076\" style=\"background-image: url(https:\/\/sonnetouristik.com\/wp-content\/uploads\/2024\/12\/travel-agency-team-meeting-planning-Spain.jpg);background-repeat: no-repeat;\"><\/div><div class=\"l-section-overlay\" style=\"background:rgba(0,0,0,0.80)\"><\/div><div class=\"l-section-h i-cf\"><div class=\"g-cols vc_row via_flex valign_middle type_default stacking_default\"><div class=\"vc_col-sm-8 wpb_column vc_column_container\"><div class=\"vc_column-inner\"><div class=\"wpb_wrapper\">[vc_custom_heading text=\u00bbAs\u00f3ciese con los expertos en viajes\u00bb use_theme_fonts=\u00bbyes\u00bb el_class=\u00bbdeco-title\u00bb]<div class=\"wpb_text_column us_custom_a94b9374\"><div class=\"wpb_wrapper\"><p>Explore nuestro blog para conocer nuevos puntos de vista y conecte con nosotros para crear viajes inolvidables. Sonne Touristik est\u00e1 aqu\u00ed para apoyar a su agencia en cada paso del camino.<\/p>\n<\/div><\/div><\/div><\/div><\/div><div class=\"vc_col-sm-4 wpb_column vc_column_container\"><div class=\"vc_column-inner\"><div class=\"wpb_wrapper\"><div class=\"w-btn-wrapper align_center\"><a class=\"w-btn us-btn-style_1\" href=\"https:\/\/sonnetouristik.com\/es\/contacto\/\"><span class=\"w-btn-label\">P\u00f3ngase en contacto con nosotros<\/span><\/a><\/div><\/div><\/div><\/div><\/div><\/div><\/section>\n","protected":false},"excerpt":{"rendered":"[vc_custom_heading text=\"Sonne Touristik ofrece soluciones de viaje personalizadas, garantizando que los viajes en grupo de su asociaci\u00f3n sean fluidos, enriquecedores y memorables.\" use_theme_fonts=\"yes\"]2. Introducci\u00f3n: Crear experiencias de viaje \u00fanicas para las asociaciones La planificaci\u00f3n de viajes en grupo para una asociaci\u00f3n requiere precisi\u00f3n, creatividad y un profundo conocimiento de los objetivos del grupo. Ya se...","protected":false},"author":1,"featured_media":0,"parent":0,"menu_order":0,"comment_status":"closed","ping_status":"closed","template":"","meta":{"_acf_changed":false,"footnotes":""},"class_list":["post-758","page","type-page","status-publish","hentry"],"acf":[],"yoast_head":"<!-- This site is optimized with the Yoast SEO plugin v27.4 - https:\/\/yoast.com\/product\/yoast-seo-wordpress\/ -->\n<title>Travel Insights for Agencies | Blog de Sonne Touristik<\/title>\n<meta name=\"description\" content=\"Descubra consejos de expertos, aspectos culturales destacados y tendencias de viaje para Espa\u00f1a y Portugal. Explore el blog de Sonne Touristik en busca de inspiraci\u00f3n e informaci\u00f3n sobre el sector.\" \/>\n<meta name=\"robots\" content=\"index, follow, max-snippet:-1, max-image-preview:large, max-video-preview:-1\" \/>\n<link rel=\"canonical\" href=\"https:\/\/sonnetouristik.com\/es\/blog\/\" \/>\n<meta property=\"og:locale\" content=\"es_ES\" \/>\n<meta property=\"og:type\" content=\"article\" \/>\n<meta property=\"og:title\" content=\"Travel Insights for Agencies | Blog de Sonne Touristik\" \/>\n<meta property=\"og:description\" content=\"Descubra consejos de expertos, aspectos culturales destacados y tendencias de viaje para Espa\u00f1a y Portugal. Explore el blog de Sonne Touristik en busca de inspiraci\u00f3n e informaci\u00f3n sobre el sector.\" \/>\n<meta property=\"og:url\" content=\"https:\/\/sonnetouristik.com\/es\/blog\/\" \/>\n<meta property=\"og:site_name\" content=\"Sonne Touristik\" \/>\n<meta property=\"article:modified_time\" content=\"2025-02-10T12:39:33+00:00\" \/>\n<meta name=\"twitter:card\" content=\"summary_large_image\" \/>\n<meta name=\"twitter:label1\" content=\"Tiempo de lectura\" \/>\n\t<meta name=\"twitter:data1\" content=\"1 minuto\" \/>\n<script type=\"application\/ld+json\" class=\"yoast-schema-graph\">{\"@context\":\"https:\\\/\\\/schema.org\",\"@graph\":[{\"@type\":\"WebPage\",\"@id\":\"https:\\\/\\\/sonnetouristik.com\\\/es\\\/blog\\\/\",\"url\":\"https:\\\/\\\/sonnetouristik.com\\\/es\\\/blog\\\/\",\"name\":\"Travel Insights for Agencies | Blog de Sonne Touristik\",\"isPartOf\":{\"@id\":\"https:\\\/\\\/sonnetouristik.com\\\/es\\\/#website\"},\"datePublished\":\"2024-12-12T12:25:33+00:00\",\"dateModified\":\"2025-02-10T12:39:33+00:00\",\"description\":\"Descubra consejos de expertos, aspectos culturales destacados y tendencias de viaje para Espa\u00f1a y Portugal. Explore el blog de Sonne Touristik en busca de inspiraci\u00f3n e informaci\u00f3n sobre el sector.\",\"breadcrumb\":{\"@id\":\"https:\\\/\\\/sonnetouristik.com\\\/es\\\/blog\\\/#breadcrumb\"},\"inLanguage\":\"es\",\"potentialAction\":[{\"@type\":\"ReadAction\",\"target\":[\"https:\\\/\\\/sonnetouristik.com\\\/es\\\/blog\\\/\"]}]},{\"@type\":\"BreadcrumbList\",\"@id\":\"https:\\\/\\\/sonnetouristik.com\\\/es\\\/blog\\\/#breadcrumb\",\"itemListElement\":[{\"@type\":\"ListItem\",\"position\":1,\"name\":\"Portada\",\"item\":\"https:\\\/\\\/sonnetouristik.com\\\/es\\\/\"},{\"@type\":\"ListItem\",\"position\":2,\"name\":\"Blog\"}]},{\"@type\":\"WebSite\",\"@id\":\"https:\\\/\\\/sonnetouristik.com\\\/es\\\/#website\",\"url\":\"https:\\\/\\\/sonnetouristik.com\\\/es\\\/\",\"name\":\"Sonne Touristik\",\"description\":\"\",\"potentialAction\":[{\"@type\":\"SearchAction\",\"target\":{\"@type\":\"EntryPoint\",\"urlTemplate\":\"https:\\\/\\\/sonnetouristik.com\\\/es\\\/?s={search_term_string}\"},\"query-input\":{\"@type\":\"PropertyValueSpecification\",\"valueRequired\":true,\"valueName\":\"search_term_string\"}}],\"inLanguage\":\"es\"}]}<\/script>\n<!-- \/ Yoast SEO plugin. -->","yoast_head_json":{"title":"Travel Insights for Agencies | Blog de Sonne Touristik","description":"Descubra consejos de expertos, aspectos culturales destacados y tendencias de viaje para Espa\u00f1a y Portugal. Explore el blog de Sonne Touristik en busca de inspiraci\u00f3n e informaci\u00f3n sobre el sector.","robots":{"index":"index","follow":"follow","max-snippet":"max-snippet:-1","max-image-preview":"max-image-preview:large","max-video-preview":"max-video-preview:-1"},"canonical":"https:\/\/sonnetouristik.com\/es\/blog\/","og_locale":"es_ES","og_type":"article","og_title":"Travel Insights for Agencies | Blog de Sonne Touristik","og_description":"Descubra consejos de expertos, aspectos culturales destacados y tendencias de viaje para Espa\u00f1a y Portugal. Explore el blog de Sonne Touristik en busca de inspiraci\u00f3n e informaci\u00f3n sobre el sector.","og_url":"https:\/\/sonnetouristik.com\/es\/blog\/","og_site_name":"Sonne Touristik","article_modified_time":"2025-02-10T12:39:33+00:00","twitter_card":"summary_large_image","twitter_misc":{"Tiempo de lectura":"1 minuto"},"schema":{"@context":"https:\/\/schema.org","@graph":[{"@type":"WebPage","@id":"https:\/\/sonnetouristik.com\/es\/blog\/","url":"https:\/\/sonnetouristik.com\/es\/blog\/","name":"Travel Insights for Agencies | Blog de Sonne Touristik","isPartOf":{"@id":"https:\/\/sonnetouristik.com\/es\/#website"},"datePublished":"2024-12-12T12:25:33+00:00","dateModified":"2025-02-10T12:39:33+00:00","description":"Descubra consejos de expertos, aspectos culturales destacados y tendencias de viaje para Espa\u00f1a y Portugal. Explore el blog de Sonne Touristik en busca de inspiraci\u00f3n e informaci\u00f3n sobre el sector.","breadcrumb":{"@id":"https:\/\/sonnetouristik.com\/es\/blog\/#breadcrumb"},"inLanguage":"es","potentialAction":[{"@type":"ReadAction","target":["https:\/\/sonnetouristik.com\/es\/blog\/"]}]},{"@type":"BreadcrumbList","@id":"https:\/\/sonnetouristik.com\/es\/blog\/#breadcrumb","itemListElement":[{"@type":"ListItem","position":1,"name":"Portada","item":"https:\/\/sonnetouristik.com\/es\/"},{"@type":"ListItem","position":2,"name":"Blog"}]},{"@type":"WebSite","@id":"https:\/\/sonnetouristik.com\/es\/#website","url":"https:\/\/sonnetouristik.com\/es\/","name":"Sonne Touristik","description":"","potentialAction":[{"@type":"SearchAction","target":{"@type":"EntryPoint","urlTemplate":"https:\/\/sonnetouristik.com\/es\/?s={search_term_string}"},"query-input":{"@type":"PropertyValueSpecification","valueRequired":true,"valueName":"search_term_string"}}],"inLanguage":"es"}]}},"_links":{"self":[{"href":"https:\/\/sonnetouristik.com\/es\/wp-json\/wp\/v2\/pages\/758","targetHints":{"allow":["GET"]}}],"collection":[{"href":"https:\/\/sonnetouristik.com\/es\/wp-json\/wp\/v2\/pages"}],"about":[{"href":"https:\/\/sonnetouristik.com\/es\/wp-json\/wp\/v2\/types\/page"}],"author":[{"embeddable":true,"href":"https:\/\/sonnetouristik.com\/es\/wp-json\/wp\/v2\/users\/1"}],"replies":[{"embeddable":true,"href":"https:\/\/sonnetouristik.com\/es\/wp-json\/wp\/v2\/comments?post=758"}],"version-history":[{"count":5,"href":"https:\/\/sonnetouristik.com\/es\/wp-json\/wp\/v2\/pages\/758\/revisions"}],"predecessor-version":[{"id":793,"href":"https:\/\/sonnetouristik.com\/es\/wp-json\/wp\/v2\/pages\/758\/revisions\/793"}],"wp:attachment":[{"href":"https:\/\/sonnetouristik.com\/es\/wp-json\/wp\/v2\/media?parent=758"}],"curies":[{"name":"wp","href":"https:\/\/api.w.org\/{rel}","templated":true}]}}